{"id":2,"date":"2024-10-08T21:31:08","date_gmt":"2024-10-08T19:31:08","guid":{"rendered":"http:\/\/gajoszek.pl\/?page_id=2"},"modified":"2024-12-28T00:41:30","modified_gmt":"2024-12-27T23:41:30","slug":"o-mnie","status":"publish","type":"page","link":"https:\/\/gajoszek.pl\/?page_id=2","title":{"rendered":"Co lubi\u0119 robi\u0107"},"content":{"rendered":"\n<p>Na pierwszym miejscu lubi\u0119 instalowa\u0107 i konfigurowa\u0107 systemy zabezpieczenia domu. O posiadanych uprawnieniach opowiem na innych stronach. W sk\u0142ad system\u00f3w zabezpiecze\u0144 wchodz\u0105: <\/p>\n\n\n\n<p>systemy alarmowe<\/p>\n\n\n\n<p>systemy monitoringu<\/p>\n\n\n\n<p>systemy kontroli dost\u0119pu<\/p>\n\n\n\n<blockquote class=\"wp-block-quote is-layout-flow wp-block-quote-is-layout-flow\">\n<p>systemy automatyki domowej<\/p>\n<\/blockquote>\n\n\n\n<p>Na drugim miejscu lubi\u0119 integrowa\u0107 r\u00f3\u017cne systemy pomi\u0119dzy sob\u0105 tak aby dostosowywa\u0107 je do siebie \u017ceby nie musie\u0107 wymienia\u0107 jednego systemu na drugi w ca\u0142o\u015bci co zawsze generuje wi\u0119ksze koszty.<\/p>\n\n\n\n<blockquote class=\"wp-block-quote is-layout-flow wp-block-quote-is-layout-flow\">\n<p>Na trzecim miejscu naprawiam i dostosowuj\u0119 niezb\u0119dne instalacje elektryczne, alarmowe, komputerowe do potrzeb klienta i montowanego dla niego systemu. <br>Wykonuje te\u017c drobne naprawy remontowo budowlane, diagnozuj\u0119 usterki i \u015bwiadcz\u0119 serwis gwarancyjny i pogwarancyjny na wykonane prace.<\/p>\n<\/blockquote>\n\n\n","protected":false},"excerpt":{"rendered":"<p>Na pierwszym miejscu lubi\u0119 instalowa\u0107 i konfigurowa\u0107 systemy zabezpieczenia domu. O posiadanych uprawnieniach opowiem na innych stronach. W sk\u0142ad system\u00f3w zabezpiecze\u0144 wchodz\u0105: systemy alarmowe systemy monitoringu systemy kontroli dost\u0119pu systemy automatyki domowej Na drugim miejscu lubi\u0119 integrowa\u0107 r\u00f3\u017cne systemy pomi\u0119dzy sob\u0105 tak aby dostosowywa\u0107 je do siebie \u017ceby nie musie\u0107 wymienia\u0107 jednego systemu na drugi [&hellip;]<\/p>\n","protected":false},"author":2,"featured_media":75,"parent":0,"menu_order":0,"comment_status":"closed","ping_status":"closed","template":"","meta":{"footnotes":"[]"},"class_list":["post-2","page","type-page","status-publish","has-post-thumbnail","hentry"],"_links":{"self":[{"href":"https:\/\/gajoszek.pl\/index.php?rest_route=\/wp\/v2\/pages\/2","targetHints":{"allow":["GET"]}}],"collection":[{"href":"https:\/\/gajoszek.pl\/index.php?rest_route=\/wp\/v2\/pages"}],"about":[{"href":"https:\/\/gajoszek.pl\/index.php?rest_route=\/wp\/v2\/types\/page"}],"author":[{"embeddable":true,"href":"https:\/\/gajoszek.pl\/index.php?rest_route=\/wp\/v2\/users\/2"}],"replies":[{"embeddable":true,"href":"https:\/\/gajoszek.pl\/index.php?rest_route=%2Fwp%2Fv2%2Fcomments&post=2"}],"version-history":[{"count":3,"href":"https:\/\/gajoszek.pl\/index.php?rest_route=\/wp\/v2\/pages\/2\/revisions"}],"predecessor-version":[{"id":19,"href":"https:\/\/gajoszek.pl\/index.php?rest_route=\/wp\/v2\/pages\/2\/revisions\/19"}],"wp:featuredmedia":[{"embeddable":true,"href":"https:\/\/gajoszek.pl\/index.php?rest_route=\/wp\/v2\/media\/75"}],"wp:attachment":[{"href":"https:\/\/gajoszek.pl\/index.php?rest_route=%2Fwp%2Fv2%2Fmedia&parent=2"}],"curies":[{"name":"wp","href":"https:\/\/api.w.org\/{rel}","templated":true}]}}