{"id":32,"date":"2024-11-28T21:21:50","date_gmt":"2024-11-28T20:21:50","guid":{"rendered":"https:\/\/gajoszek.pl\/?page_id=32"},"modified":"2024-12-27T12:47:37","modified_gmt":"2024-12-27T11:47:37","slug":"zigbee","status":"publish","type":"page","link":"https:\/\/gajoszek.pl\/?page_id=32","title":{"rendered":"Zigbee"},"content":{"rendered":"\n<p>To spos\u00f3b porozumiewania si\u0119 urz\u0105dze\u0144 z bram\u0105 (central\u0105) w inny spos\u00f3b ni\u017c WiFi co ma by\u0107 bezpieczne i nie blokuj\u0105ce wydajno\u015bci naszego domowego internetu.<\/p>\n\n\n\n<p>Przygod\u0119 z \u201eCinsk\u0105\u201d automatyka domowa (Smart Home) zaczynamy od zakupu odpowiedniej bramy (Smart Gateway), kt\u00f3ra ma za zadanie po\u0142\u0105czy\u0107 nasz domowy internet przez gniazdo LAN lub WiFi z zakupionymi urz\u0105dzeniami.<\/p>\n\n\n\n<p>W zale\u017cno\u015bci od protoko\u0142u komunikacyjnego urz\u0105dze\u0144 (Zigbee, WiFi, Bluetooth) dobieramy nasz\u0105 bram\u0119 tak aby obs\u0142ugiwa\u0142a odpowiednie protoko\u0142y. Mo\u017cemy w jednej sieci mie\u0107 kilka bram o tych samych protoko\u0142ach lub innych.<\/p>\n\n\n\n<p>Ja cz\u0119sto zaczynam od urz\u0105dze\u0144 Zigbee takich jak: czujki ruchu, termostaty, inteligentne gniazda elektryczne, sterowniki do rolet, bezpieczniki i prze\u0142\u0105czniki elekteyczne. Dla tego pierwsz\u0105 bram\u0119 kupuje multifunction Zigbee lub Zigbee i WiFi.<\/p>\n\n\n\n<p>Przy rozbudowie systemu o urz\u0105dzenia typu: klamki, zamki, o\u015bwietlenie, ma\u0142e AGD, b\u0119dziemy potrzebowa\u0107 dodatkowej bramy obs\u0142uguj\u0105cej protok\u00f3\u0142 Bluetooth.<\/p>\n\n\n\n<p>Do dalszej rozbudowy potrzebna jest ju\u017c tylko wyobra\u017ania co z czym chcemy powi\u0105za\u0107 tak aby Nasz Dom sta\u0142 si\u0119 bezpieczny, oszcz\u0119dny i inteligentny. Pe\u0142na automatyzacja zawiera sceny (zale\u017cno\u015bci) kiedy jakie urz\u0105dzenie ma si\u0119 w\u0142\u0105czy\u0107 oraz czy ma to nast\u0105pi\u0107 automatycznie (sceny), mechanicznie (przyciski i czujniki) lub na wezwanie g\u0142osowe (Alexa, Tuya).<\/p>\n","protected":false},"excerpt":{"rendered":"<p>To spos\u00f3b porozumiewania si\u0119 urz\u0105dze\u0144 z bram\u0105 (central\u0105) w inny spos\u00f3b ni\u017c WiFi co ma by\u0107 bezpieczne i nie blokuj\u0105ce wydajno\u015bci naszego domowego internetu. Przygod\u0119 z \u201eCinsk\u0105\u201d automatyka domowa (Smart Home) zaczynamy od zakupu odpowiedniej bramy (Smart Gateway), kt\u00f3ra ma za zadanie po\u0142\u0105czy\u0107 nasz domowy internet przez gniazdo LAN lub WiFi z zakupionymi urz\u0105dzeniami. W [&hellip;]<\/p>\n","protected":false},"author":2,"featured_media":0,"parent":0,"menu_order":0,"comment_status":"closed","ping_status":"closed","template":"","meta":{"footnotes":""},"class_list":["post-32","page","type-page","status-publish","hentry"],"_links":{"self":[{"href":"https:\/\/gajoszek.pl\/index.php?rest_route=\/wp\/v2\/pages\/32","targetHints":{"allow":["GET"]}}],"collection":[{"href":"https:\/\/gajoszek.pl\/index.php?rest_route=\/wp\/v2\/pages"}],"about":[{"href":"https:\/\/gajoszek.pl\/index.php?rest_route=\/wp\/v2\/types\/page"}],"author":[{"embeddable":true,"href":"https:\/\/gajoszek.pl\/index.php?rest_route=\/wp\/v2\/users\/2"}],"replies":[{"embeddable":true,"href":"https:\/\/gajoszek.pl\/index.php?rest_route=%2Fwp%2Fv2%2Fcomments&post=32"}],"version-history":[{"count":2,"href":"https:\/\/gajoszek.pl\/index.php?rest_route=\/wp\/v2\/pages\/32\/revisions"}],"predecessor-version":[{"id":81,"href":"https:\/\/gajoszek.pl\/index.php?rest_route=\/wp\/v2\/pages\/32\/revisions\/81"}],"wp:attachment":[{"href":"https:\/\/gajoszek.pl\/index.php?rest_route=%2Fwp%2Fv2%2Fmedia&parent=32"}],"curies":[{"name":"wp","href":"https:\/\/api.w.org\/{rel}","templated":true}]}}