{"id":48,"date":"2024-12-12T18:14:11","date_gmt":"2024-12-12T17:14:11","guid":{"rendered":"https:\/\/gajoszek.pl\/?page_id=48"},"modified":"2024-12-27T12:47:12","modified_gmt":"2024-12-27T11:47:12","slug":"posnet","status":"publish","type":"page","link":"https:\/\/gajoszek.pl\/?page_id=48","title":{"rendered":"Posnet"},"content":{"rendered":"\n<p>Podstaw\u0105 sprzeda\u017cy detalicznej jest sprzeda\u017c fiskalna. Sprzeda\u017c fiskalna polega na tym, \u017ce po ka\u017cdej sprzeda\u017cy musimy wystawi\u0107 dokument fiskalny (paragon) jednocze\u015bnie urz\u0105dzenie fiskalne zapisuje ka\u017cda sprzeda\u017c w module fiskalnym i wysy\u0142a przez internet tak\u0105 informacj\u0119 do Urz\u0119du Skarbowego (repozytorium).<\/p>\n\n\n\n<p><br>Urz\u0105dzenia fiskalne to g\u0142\u00f3wnie:<\/p>\n\n\n\n<p>drukarki fiskalne (musz\u0105 wspomaga\u0107 z komputerem i oprogramowaniem sprzeda\u017cowym) drukarki mog\u0105 by\u0107 stacjonarne i mobilne (ma\u0142e rozmiary)<\/p>\n\n\n\n<p>kasy fiskalne (pracuj\u0105 samodzielnie) kasy r\u00f3wnie\u017c omamy stacjonarne do nich cz\u0119sto stosujemy szuflady na przechowywanie got\u00f3wki oraz mobilne mieszcz\u0105ce si\u0119 w d\u0142oni    .<\/p>\n\n\n\n<p>Firma POSNET jest producentem urz\u0105dze\u0144 fiskalnych w szerokim zakresie dzi\u0119ki temu mo\u017cna korzysta\u0107 z ich rozwi\u0105za\u0144 w ka\u017cdej bran\u017cy. Mam mo\u017cliwo\u015b\u0107 dopasowania odpowiednich rozwi\u0105za\u0144 sprzeda\u017cowych dla ka\u017cdej dzia\u0142alno\u015bci na miar\u0119 jej potrzeb. <\/p>\n","protected":false},"excerpt":{"rendered":"<p>Podstaw\u0105 sprzeda\u017cy detalicznej jest sprzeda\u017c fiskalna. Sprzeda\u017c fiskalna polega na tym, \u017ce po ka\u017cdej sprzeda\u017cy musimy wystawi\u0107 dokument fiskalny (paragon) jednocze\u015bnie urz\u0105dzenie fiskalne zapisuje ka\u017cda sprzeda\u017c w module fiskalnym i wysy\u0142a przez internet tak\u0105 informacj\u0119 do Urz\u0119du Skarbowego (repozytorium). Urz\u0105dzenia fiskalne to g\u0142\u00f3wnie: drukarki fiskalne (musz\u0105 wspomaga\u0107 z komputerem i oprogramowaniem sprzeda\u017cowym) drukarki mog\u0105 by\u0107 [&hellip;]<\/p>\n","protected":false},"author":2,"featured_media":0,"parent":0,"menu_order":0,"comment_status":"closed","ping_status":"closed","template":"","meta":{"footnotes":""},"class_list":["post-48","page","type-page","status-publish","hentry"],"_links":{"self":[{"href":"https:\/\/gajoszek.pl\/index.php?rest_route=\/wp\/v2\/pages\/48","targetHints":{"allow":["GET"]}}],"collection":[{"href":"https:\/\/gajoszek.pl\/index.php?rest_route=\/wp\/v2\/pages"}],"about":[{"href":"https:\/\/gajoszek.pl\/index.php?rest_route=\/wp\/v2\/types\/page"}],"author":[{"embeddable":true,"href":"https:\/\/gajoszek.pl\/index.php?rest_route=\/wp\/v2\/users\/2"}],"replies":[{"embeddable":true,"href":"https:\/\/gajoszek.pl\/index.php?rest_route=%2Fwp%2Fv2%2Fcomments&post=48"}],"version-history":[{"count":1,"href":"https:\/\/gajoszek.pl\/index.php?rest_route=\/wp\/v2\/pages\/48\/revisions"}],"predecessor-version":[{"id":49,"href":"https:\/\/gajoszek.pl\/index.php?rest_route=\/wp\/v2\/pages\/48\/revisions\/49"}],"wp:attachment":[{"href":"https:\/\/gajoszek.pl\/index.php?rest_route=%2Fwp%2Fv2%2Fmedia&parent=48"}],"curies":[{"name":"wp","href":"https:\/\/api.w.org\/{rel}","templated":true}]}}