{"id":82,"date":"2024-12-27T12:07:58","date_gmt":"2024-12-27T11:07:58","guid":{"rendered":"https:\/\/gajoszek.pl\/?page_id=82"},"modified":"2024-12-27T12:45:44","modified_gmt":"2024-12-27T11:45:44","slug":"be-wave","status":"publish","type":"page","link":"https:\/\/gajoszek.pl\/?page_id=82","title":{"rendered":"Be Wave"},"content":{"rendered":"\n<p>To technologia znana w firmie Satel pod nazw\u0105 AJAX stosowana w bezprzewodowych systemach alarmowych. Jako sprawdzona i bezpieczna zacz\u0119\u0142a by\u0107 rozwijana w systemie Smart Home nabieraj\u0105c nowych funkcji w \u0142adnej obudowie. <\/p>\n","protected":false},"excerpt":{"rendered":"<p>To technologia znana w firmie Satel pod nazw\u0105 AJAX stosowana w bezprzewodowych systemach alarmowych. Jako sprawdzona i bezpieczna zacz\u0119\u0142a by\u0107 rozwijana w systemie Smart Home nabieraj\u0105c nowych funkcji w \u0142adnej obudowie.<\/p>\n","protected":false},"author":2,"featured_media":75,"parent":0,"menu_order":0,"comment_status":"closed","ping_status":"closed","template":"","meta":{"footnotes":""},"class_list":["post-82","page","type-page","status-publish","has-post-thumbnail","hentry"],"_links":{"self":[{"href":"https:\/\/gajoszek.pl\/index.php?rest_route=\/wp\/v2\/pages\/82","targetHints":{"allow":["GET"]}}],"collection":[{"href":"https:\/\/gajoszek.pl\/index.php?rest_route=\/wp\/v2\/pages"}],"about":[{"href":"https:\/\/gajoszek.pl\/index.php?rest_route=\/wp\/v2\/types\/page"}],"author":[{"embeddable":true,"href":"https:\/\/gajoszek.pl\/index.php?rest_route=\/wp\/v2\/users\/2"}],"replies":[{"embeddable":true,"href":"https:\/\/gajoszek.pl\/index.php?rest_route=%2Fwp%2Fv2%2Fcomments&post=82"}],"version-history":[{"count":1,"href":"https:\/\/gajoszek.pl\/index.php?rest_route=\/wp\/v2\/pages\/82\/revisions"}],"predecessor-version":[{"id":84,"href":"https:\/\/gajoszek.pl\/index.php?rest_route=\/wp\/v2\/pages\/82\/revisions\/84"}],"wp:featuredmedia":[{"embeddable":true,"href":"https:\/\/gajoszek.pl\/index.php?rest_route=\/wp\/v2\/media\/75"}],"wp:attachment":[{"href":"https:\/\/gajoszek.pl\/index.php?rest_route=%2Fwp%2Fv2%2Fmedia&parent=82"}],"curies":[{"name":"wp","href":"https:\/\/api.w.org\/{rel}","templated":true}]}}